{"id":150,"date":"2018-07-12T11:14:24","date_gmt":"2018-07-12T09:14:24","guid":{"rendered":"https:\/\/sante-globale-entreprise.fr\/?page_id=150"},"modified":"2018-07-12T11:26:22","modified_gmt":"2018-07-12T09:26:22","slug":"mentions-legales","status":"publish","type":"page","link":"https:\/\/sante-globale-entreprise.fr\/index.php\/mentions-legales\/","title":{"rendered":"Mentions l\u00e9gales"},"content":{"rendered":"<h1><strong>Mentions l\u00e9gales<\/strong><\/h1>\n<p>Conform\u00e9ment \u00e0 l&#8217;article 6 de la loi n\u00b0 2004-575 du 21 juin 2004 pour la confiance dans l&#8217;\u00e9conomie num\u00e9rique, nous pr\u00e9cisons aux utilisateurs du site www.sante-globale-entreprise.fr l&#8217;identit\u00e9 de l\u2019\u00e9diteur du site ainsi que celle de son h\u00e9bergeur :<\/p>\n<p>\u00c9diteur du site : Valoriance<br \/>\nStatut : Association loi 1901<br \/>\nSi\u00e8ge social : 66 Av des Champs \u00c9lys\u00e9es 75008 PARIS<br \/>\nT\u00e9l : +33 1 34 90 56 78 (prix d\u2019un appel local) \u2013 Mail : contact@valoriance.fr<br \/>\nResponsable de la publication : Jean-Christian WILMES<\/p>\n<p>H\u00e9bergeur : OVH<br \/>\nSi\u00e8ge social : 140 Quai du Sartel, 59100 Roubaix<br \/>\nSite Web : www.ovh.fr<\/p>\n<p><strong>Conditions g\u00e9n\u00e9rales d\u2019utilisation du site et des services propos\u00e9s :<\/strong><\/p>\n<p>L\u2019utilisation du site www.sante-globale-entreprise.fr implique l\u2019acceptation pleine et enti\u00e8re des conditions g\u00e9n\u00e9rales d\u2019utilisation d\u00e9crites ci-apr\u00e8s. Ces conditions d\u2019utilisation sont susceptibles d\u2019\u00eatre modifi\u00e9es ou compl\u00e9t\u00e9es \u00e0 tout moment. Les utilisateurs du site www.sante-globale-entreprise.fr sont donc invit\u00e9s \u00e0 les consulter de mani\u00e8re r\u00e9guli\u00e8re.<br \/>\nToutes les informations indiqu\u00e9es sur le site www.sante-globale-entreprise.fr sont donn\u00e9es \u00e0 titre indicatif et sont susceptibles d\u2019\u00e9voluer. Par ailleurs, les renseignements figurant sur le site www.sante-globale-entreprise.fr ne sont pas exhaustifs. Ils sont donn\u00e9s sous r\u00e9serve de modifications ayant \u00e9t\u00e9 apport\u00e9es depuis leur mise en ligne.<\/p>\n<p>R\u00e8gles de confidentialit\u00e9s du site www.sante-globale-entreprise.fr<\/p>\n<p><strong>Informations personnelles collect\u00e9es :<\/strong><\/p>\n<p>En France, les donn\u00e9es personnelles sont notamment prot\u00e9g\u00e9es par la loi n\u00b0 78-87 du 6 janvier 1978, la loi n\u00b0 2004-801 du 6 ao\u00fbt 2004, l&#8217;article L. 226-13 du Code P\u00e9nal et la Directive Europ\u00e9enne du 24 octobre 1995.<\/p>\n<p>A l&#8217;occasion de l&#8217;utilisation du site www.sante-globale-entreprise.fr, et en particulier lors du remplissage de nos formulaires de contact et de demande de devis, sont recueillies les donn\u00e9es suivantes :<br \/>\n&#8211; la raison sociale (s\u2019il y a lieu),<br \/>\n&#8211; les noms et pr\u00e9noms,<br \/>\n&#8211; l\u2019adresse postale,<br \/>\n&#8211; le num\u00e9ro de t\u00e9l\u00e9phone,<br \/>\n&#8211; l\u2019adresse mail.<br \/>\nIl est pr\u00e9cis\u00e9 \u00e0 l&#8217;utilisateur du site www.sante-globale-entreprise.fr le caract\u00e8re obligatoire ou non des informations qu&#8217;il serait amen\u00e9 \u00e0 fournir.<\/p>\n<p>Les informations personnelles collect\u00e9es par le biais du site www.sante-globale-entreprise.fr sont r\u00e9serv\u00e9es exclusivement \u00e0 la soci\u00e9t\u00e9 Valoriance et ce, dans le but de r\u00e9pondre aux services propos\u00e9s par le site.<\/p>\n<p>Au demeurant la Valoriance est autoris\u00e9(e) \u00e0 effectuer des \u00e9tudes et analyses statistiques sur l&#8217;utilisation et la typologie des utilisateurs du site www.sante-globale-entreprise.fr, sous r\u00e9serve de confirmer l&#8217;anonymat de ces derniers.<\/p>\n<p><strong>Acc\u00e8s, rectification ou suppression des informations nominatives collect\u00e9es :<\/strong><\/p>\n<p>Conform\u00e9ment aux dispositions de l&#8217;article 34 de la loi n\u00b0 48-87 du 6 janvier 1978, modifi\u00e9 en 2004, dite loi \u00ab informatique et libert\u00e9s \u00bb, l\u2019utilisateur b\u00e9n\u00e9ficie d\u2019un droit d\u2019acc\u00e8s, de rectification ou de suppression des informations qui le concernent.<\/p>\n<p>Pour exercer ce droit, l\u2019utilisateur envoie \u00e0 Valoriance<br \/>\n&#8211; un courrier \u00e9lectronique \u00e0 l\u2019adresse contact@valoriance.fr,<br \/>\n&#8211; un courrier \u00e0 l\u2019adresse 66 Av des Champs \u00c9lys\u00e9es 75008 PARIS en indiquant son nom, pr\u00e9nom, adresse et mail.<br \/>\nLa modification interviendra dans des d\u00e9lais raisonnables \u00e0 compter de la r\u00e9ception de la demande de l&#8217;utilisateur.<\/p>\n<p><strong>Cookies :<\/strong><\/p>\n<p>Un cookie stocke des informations relatives \u00e0 la navigation de l\u2019utilisateur sur le site (les pages que vous avez consult\u00e9es, la date et l&#8217;heure de la consultation, etc.). Ces informations sont lisibles lors de prochaines visites sur le site mais ne permettent pas d\u2019identifier l\u2019utilisateur.<\/p>\n<p>L&#8217;utilisateur reconna\u00eet \u00eatre inform\u00e9 de cette pratique et autorise Valoriance \u00e0 y proc\u00e9der. En tout \u00e9tat de cause Valoriance s&#8217;engage \u00e0 ne jamais communiquer le contenu de ces \u00ab Cookies \u00bb \u00e0 des tierces personnes, sauf en cas de r\u00e9quisition l\u00e9gale.<\/p>\n<p>L\u2019utilisateur peut s\u2019opposer \u00e0 l&#8217;enregistrement des Cookies en param\u00e9trant son navigateur de la mani\u00e8re suivante :<\/p>\n<p>Pour Mozilla Firefox :<br \/>\nChoisir le menu &#8220;Outils &#8221; puis &#8220;Options&#8221;<br \/>\nCliquer sur l&#8217;ic\u00f4ne &#8220;Vie priv\u00e9e&#8221;<br \/>\nRep\u00e9rer le menu &#8220;Cookie&#8221; et s\u00e9lectionnez les options qui vous conviennent.<\/p>\n<p>Pour Microsoft Internet Explorer :<br \/>\nChoisir le menu &#8220;Outils&#8221; (ou &#8220;Tools&#8221;), puis &#8220;Options Internet&#8221; (ou &#8220;Internet Options&#8221;).<br \/>\nCliquer sur l&#8217;onglet &#8220;Confidentialit\u00e9&#8221; (ou &#8220;Confidentiality&#8221;)<br \/>\nS\u00e9lectionner le niveau souhait\u00e9 \u00e0 l&#8217;aide du curseur.<\/p>\n<p>Pour Op\u00e9ra :<br \/>\nChoisir le menu &#8220;Fichier&#8221; &gt; &#8220;Pr\u00e9f\u00e9rences&#8221;<br \/>\nVie Priv\u00e9e<\/p>\n<p><strong>Droits d&#8217;auteur :<\/strong><\/p>\n<p>La totalit\u00e9 des \u00e9l\u00e9ments du site www.sante-globale-entreprise.fr , notamment les textes, pr\u00e9sentations, illustrations, photographies, arborescences et mises en forme sont la propri\u00e9t\u00e9 intellectuelle exclusive de Valoriance.<br \/>\nA ce titre, leurs repr\u00e9sentations, reproductions, imbrications, diffusions et rediffusions, partielles ou totales, sont interdites conform\u00e9ment aux dispositions de l&#8217;article L. 122-4 du Code de la propri\u00e9t\u00e9 intellectuelle. Toute personne y proc\u00e9dant sans pouvoir justifier d&#8217;une autorisation pr\u00e9alable et expresse du d\u00e9tenteur de ces droits encourt les peines relatives au d\u00e9lit de contrefa\u00e7on pr\u00e9vues aux articles L. 335-2 et suivants du Code de la propri\u00e9t\u00e9 intellectuelle.<\/p>\n<p><strong>Marques :<\/strong><\/p>\n<p>Les marques et logos contenus sur le site www.sante-globale-entreprise.fr sont d\u00e9pos\u00e9s par Valoriance. A ce titre, toute personne proc\u00e9dant \u00e0 leurs repr\u00e9sentations, reproductions, imbrications, diffusions et rediffusions encourt les sanctions pr\u00e9vues aux articles L. 713-2 et suivants du Code de la propri\u00e9t\u00e9 intellectuelle.<\/p>\n<p><strong>Date de la derni\u00e8re mise \u00e0 jour :<\/strong><\/p>\n<p>La derni\u00e8re mise \u00e0 jour des mentions l\u00e9gales date du 12 juillet 2018.<\/p>\n<p><strong>Droit \u00e0 l&#8217;image :<\/strong><\/p>\n<p>Toutes les images, photos et vid\u00e9os h\u00e9berg\u00e9es sur le site www.sante-globale-entreprise.fr appartiennent \u00e0 Valoriance.<br \/>\n(Dans le cas d&#8217;un site participatif o\u00f9 l&#8217;on peut d\u00e9poser des images, vid\u00e9os, photos)<br \/>\nLes utilisateurs du site www.sante-globale-entreprise.fr autorisent Valoriance \u00e0 utiliser leurs images, photos, vid\u00e9os a des fins de promotion et de diffusion.<br \/>\nDans le cas contraire, ils devront demander l&#8217;application du droit de retrait qui leur sera accord\u00e9 sans aucune exception.<\/p>\n","protected":false},"excerpt":{"rendered":"<p>Mentions l\u00e9gales Conform\u00e9ment \u00e0 l&#8217;article 6 de la loi n\u00b0 2004-575 du 21 juin 2004 pour la confiance dans l&#8217;\u00e9conomie num\u00e9rique, nous pr\u00e9cisons aux utilisateurs du site www.sante-globale-entreprise.fr l&#8217;identit\u00e9 de l\u2019\u00e9diteur du site ainsi que celle de son h\u00e9bergeur : \u00c9diteur du site : Valoriance Statut : Association loi 1901 Si\u00e8ge social : 66 Av &hellip; <\/p>\n<p class=\"link-more\"><a href=\"https:\/\/sante-globale-entreprise.fr\/index.php\/mentions-legales\/\" class=\"more-link\">Continuer la lecture<span class=\"screen-reader-text\"> de &laquo;&nbsp;Mentions l\u00e9gales&nbsp;&raquo;<\/span><\/a><\/p>\n","protected":false},"author":1,"featured_media":0,"parent":0,"menu_order":0,"comment_status":"closed","ping_status":"closed","template":"","meta":[],"yoast_head":"<!-- This site is optimized with the Yoast SEO plugin v15.7 - https:\/\/yoast.com\/wordpress\/plugins\/seo\/ -->\n<title>Mentions l\u00e9gales - Sante Globale Pro<\/title>\n<meta name=\"robots\" content=\"index, follow, max-snippet:-1, max-image-preview:large, max-video-preview:-1\" \/>\n<link rel=\"canonical\" href=\"https:\/\/sante-globale-entreprise.fr\/index.php\/mentions-legales\/\" \/>\n<meta property=\"og:locale\" content=\"fr_FR\" \/>\n<meta property=\"og:type\" content=\"article\" \/>\n<meta property=\"og:title\" content=\"Mentions l\u00e9gales - Sante Globale Pro\" \/>\n<meta property=\"og:description\" content=\"Mentions l\u00e9gales Conform\u00e9ment \u00e0 l&#8217;article 6 de la loi n\u00b0 2004-575 du 21 juin 2004 pour la confiance dans l&#8217;\u00e9conomie num\u00e9rique, nous pr\u00e9cisons aux utilisateurs du site www.sante-globale-entreprise.fr l&#8217;identit\u00e9 de l\u2019\u00e9diteur du site ainsi que celle de son h\u00e9bergeur : \u00c9diteur du site : Valoriance Statut : Association loi 1901 Si\u00e8ge social : 66 Av &hellip; Continuer la lecture de &laquo;&nbsp;Mentions l\u00e9gales&nbsp;&raquo;\" \/>\n<meta property=\"og:url\" content=\"https:\/\/sante-globale-entreprise.fr\/index.php\/mentions-legales\/\" \/>\n<meta property=\"og:site_name\" content=\"Sante Globale Pro\" \/>\n<meta property=\"article:modified_time\" content=\"2018-07-12T09:26:22+00:00\" \/>\n<meta name=\"twitter:card\" content=\"summary_large_image\" \/>\n<meta name=\"twitter:label1\" content=\"Dur\u00e9e de lecture est.\">\n\t<meta name=\"twitter:data1\" content=\"5 minutes\">\n<script type=\"application\/ld+json\" class=\"yoast-schema-graph\">{\"@context\":\"https:\/\/schema.org\",\"@graph\":[{\"@type\":\"WebSite\",\"@id\":\"https:\/\/sante-globale-entreprise.fr\/#website\",\"url\":\"https:\/\/sante-globale-entreprise.fr\/\",\"name\":\"Sante Globale Pro\",\"description\":\"Entreprendre et r\\u00e9ussir par la sant\\u00e9 globale\",\"potentialAction\":[{\"@type\":\"SearchAction\",\"target\":\"https:\/\/sante-globale-entreprise.fr\/?s={search_term_string}\",\"query-input\":\"required name=search_term_string\"}],\"inLanguage\":\"fr-FR\"},{\"@type\":\"WebPage\",\"@id\":\"https:\/\/sante-globale-entreprise.fr\/index.php\/mentions-legales\/#webpage\",\"url\":\"https:\/\/sante-globale-entreprise.fr\/index.php\/mentions-legales\/\",\"name\":\"Mentions l\\u00e9gales - Sante Globale Pro\",\"isPartOf\":{\"@id\":\"https:\/\/sante-globale-entreprise.fr\/#website\"},\"datePublished\":\"2018-07-12T09:14:24+00:00\",\"dateModified\":\"2018-07-12T09:26:22+00:00\",\"inLanguage\":\"fr-FR\",\"potentialAction\":[{\"@type\":\"ReadAction\",\"target\":[\"https:\/\/sante-globale-entreprise.fr\/index.php\/mentions-legales\/\"]}]}]}<\/script>\n<!-- \/ Yoast SEO plugin. -->","_links":{"self":[{"href":"https:\/\/sante-globale-entreprise.fr\/index.php\/wp-json\/wp\/v2\/pages\/150"}],"collection":[{"href":"https:\/\/sante-globale-entreprise.fr\/index.php\/wp-json\/wp\/v2\/pages"}],"about":[{"href":"https:\/\/sante-globale-entreprise.fr\/index.php\/wp-json\/wp\/v2\/types\/page"}],"author":[{"embeddable":true,"href":"https:\/\/sante-globale-entreprise.fr\/index.php\/wp-json\/wp\/v2\/users\/1"}],"replies":[{"embeddable":true,"href":"https:\/\/sante-globale-entreprise.fr\/index.php\/wp-json\/wp\/v2\/comments?post=150"}],"version-history":[{"count":4,"href":"https:\/\/sante-globale-entreprise.fr\/index.php\/wp-json\/wp\/v2\/pages\/150\/revisions"}],"predecessor-version":[{"id":155,"href":"https:\/\/sante-globale-entreprise.fr\/index.php\/wp-json\/wp\/v2\/pages\/150\/revisions\/155"}],"wp:attachment":[{"href":"https:\/\/sante-globale-entreprise.fr\/index.php\/wp-json\/wp\/v2\/media?parent=150"}],"curies":[{"name":"wp","href":"https:\/\/api.w.org\/{rel}","templated":true}]}}