{"id":25,"date":"2018-04-12T07:05:03","date_gmt":"2018-04-12T05:05:03","guid":{"rendered":"http:\/\/santeglobalentreprise.fr\/?page_id=25"},"modified":"2018-07-12T15:33:20","modified_gmt":"2018-07-12T13:33:20","slug":"accueil","status":"publish","type":"page","link":"https:\/\/sante-globale-entreprise.fr\/","title":{"rendered":"Accueil"},"content":{"rendered":"<h1>Bienvenue sur votre site de sant\u00e9 globale entreprises !<\/h1>\n<p>Vous y d\u00e9couvrirez ce qu&#8217;est la sant\u00e9 globale en entreprise comme fondamental d&#8217;expression des comp\u00e9tences et des talents dans un r\u00e9el bien-\u00eatre au travail. Puis la relation directe entre sant\u00e9 globale\/bien-\u00eatre pro et perso\/r\u00e9ussite de l&#8217;entreprise. Ce site est l&#8217;\u00e9manation op\u00e9rationnelle du groupe de recherche scientifique pluridisciplinaire fran\u00e7ais Valoriance : 21 ans d&#8217;exp\u00e9rience au service des Hommes.<\/p>\n","protected":false},"excerpt":{"rendered":"<p>Bienvenue sur votre site de sant\u00e9 globale entreprises ! Vous y d\u00e9couvrirez ce qu&#8217;est la sant\u00e9 globale en entreprise comme fondamental d&#8217;expression des comp\u00e9tences et des talents dans un r\u00e9el bien-\u00eatre au travail. Puis la relation directe entre sant\u00e9 globale\/bien-\u00eatre pro et perso\/r\u00e9ussite de l&#8217;entreprise. Ce site est l&#8217;\u00e9manation op\u00e9rationnelle du groupe de recherche scientifique &hellip; <\/p>\n<p class=\"link-more\"><a href=\"https:\/\/sante-globale-entreprise.fr\/\" class=\"more-link\">Continuer la lecture<span class=\"screen-reader-text\"> de &laquo;&nbsp;Accueil&nbsp;&raquo;<\/span><\/a><\/p>\n","protected":false},"author":1,"featured_media":123,"parent":0,"menu_order":0,"comment_status":"closed","ping_status":"closed","template":"","meta":[],"yoast_head":"<!-- This site is optimized with the Yoast SEO plugin v15.7 - https:\/\/yoast.com\/wordpress\/plugins\/seo\/ -->\n<title>Accueil - Sante Globale Pro<\/title>\n<meta name=\"robots\" content=\"index, follow, max-snippet:-1, max-image-preview:large, max-video-preview:-1\" \/>\n<link rel=\"canonical\" href=\"https:\/\/sante-globale-entreprise.fr\/\" \/>\n<meta property=\"og:locale\" content=\"fr_FR\" \/>\n<meta property=\"og:type\" content=\"article\" \/>\n<meta property=\"og:title\" content=\"Accueil - Sante Globale Pro\" \/>\n<meta property=\"og:description\" content=\"Bienvenue sur votre site de sant\u00e9 globale entreprises ! Vous y d\u00e9couvrirez ce qu&#8217;est la sant\u00e9 globale en entreprise comme fondamental d&#8217;expression des comp\u00e9tences et des talents dans un r\u00e9el bien-\u00eatre au travail. Puis la relation directe entre sant\u00e9 globale\/bien-\u00eatre pro et perso\/r\u00e9ussite de l&#8217;entreprise. Ce site est l&#8217;\u00e9manation op\u00e9rationnelle du groupe de recherche scientifique &hellip; Continuer la lecture de &laquo;&nbsp;Accueil&nbsp;&raquo;\" \/>\n<meta property=\"og:url\" content=\"https:\/\/sante-globale-entreprise.fr\/\" \/>\n<meta property=\"og:site_name\" content=\"Sante Globale Pro\" \/>\n<meta property=\"article:modified_time\" content=\"2018-07-12T13:33:20+00:00\" \/>\n<meta property=\"og:image\" content=\"https:\/\/sante-globale-entreprise.fr\/wp-content\/uploads\/2018\/05\/Accueil-Sante-Gloable-Pro.jpg\" \/>\n\t<meta property=\"og:image:width\" content=\"1920\" \/>\n\t<meta property=\"og:image:height\" content=\"1281\" \/>\n<meta name=\"twitter:card\" content=\"summary_large_image\" \/>\n<script type=\"application\/ld+json\" class=\"yoast-schema-graph\">{\"@context\":\"https:\/\/schema.org\",\"@graph\":[{\"@type\":\"WebSite\",\"@id\":\"https:\/\/sante-globale-entreprise.fr\/#website\",\"url\":\"https:\/\/sante-globale-entreprise.fr\/\",\"name\":\"Sante Globale Pro\",\"description\":\"Entreprendre et r\\u00e9ussir par la sant\\u00e9 globale\",\"potentialAction\":[{\"@type\":\"SearchAction\",\"target\":\"https:\/\/sante-globale-entreprise.fr\/?s={search_term_string}\",\"query-input\":\"required name=search_term_string\"}],\"inLanguage\":\"fr-FR\"},{\"@type\":\"ImageObject\",\"@id\":\"https:\/\/sante-globale-entreprise.fr\/#primaryimage\",\"inLanguage\":\"fr-FR\",\"url\":\"https:\/\/sante-globale-entreprise.fr\/wp-content\/uploads\/2018\/05\/Accueil-Sante-Gloable-Pro.jpg\",\"width\":1920,\"height\":1281},{\"@type\":\"WebPage\",\"@id\":\"https:\/\/sante-globale-entreprise.fr\/#webpage\",\"url\":\"https:\/\/sante-globale-entreprise.fr\/\",\"name\":\"Accueil - Sante Globale Pro\",\"isPartOf\":{\"@id\":\"https:\/\/sante-globale-entreprise.fr\/#website\"},\"primaryImageOfPage\":{\"@id\":\"https:\/\/sante-globale-entreprise.fr\/#primaryimage\"},\"datePublished\":\"2018-04-12T05:05:03+00:00\",\"dateModified\":\"2018-07-12T13:33:20+00:00\",\"inLanguage\":\"fr-FR\",\"potentialAction\":[{\"@type\":\"ReadAction\",\"target\":[\"https:\/\/sante-globale-entreprise.fr\/\"]}]}]}<\/script>\n<!-- \/ Yoast SEO plugin. -->","_links":{"self":[{"href":"https:\/\/sante-globale-entreprise.fr\/index.php\/wp-json\/wp\/v2\/pages\/25"}],"collection":[{"href":"https:\/\/sante-globale-entreprise.fr\/index.php\/wp-json\/wp\/v2\/pages"}],"about":[{"href":"https:\/\/sante-globale-entreprise.fr\/index.php\/wp-json\/wp\/v2\/types\/page"}],"author":[{"embeddable":true,"href":"https:\/\/sante-globale-entreprise.fr\/index.php\/wp-json\/wp\/v2\/users\/1"}],"replies":[{"embeddable":true,"href":"https:\/\/sante-globale-entreprise.fr\/index.php\/wp-json\/wp\/v2\/comments?post=25"}],"version-history":[{"count":6,"href":"https:\/\/sante-globale-entreprise.fr\/index.php\/wp-json\/wp\/v2\/pages\/25\/revisions"}],"predecessor-version":[{"id":96,"href":"https:\/\/sante-globale-entreprise.fr\/index.php\/wp-json\/wp\/v2\/pages\/25\/revisions\/96"}],"wp:featuredmedia":[{"embeddable":true,"href":"https:\/\/sante-globale-entreprise.fr\/index.php\/wp-json\/wp\/v2\/media\/123"}],"wp:attachment":[{"href":"https:\/\/sante-globale-entreprise.fr\/index.php\/wp-json\/wp\/v2\/media?parent=25"}],"curies":[{"name":"wp","href":"https:\/\/api.w.org\/{rel}","templated":true}]}}