{"id":27,"date":"2018-04-12T07:05:03","date_gmt":"2018-04-12T05:05:03","guid":{"rendered":"http:\/\/santeglobalentreprise.fr\/?page_id=27"},"modified":"2020-08-31T08:21:29","modified_gmt":"2020-08-31T06:21:29","slug":"contact","status":"publish","type":"page","link":"https:\/\/sante-globale-entreprise.fr\/index.php\/contact\/","title":{"rendered":"Contact"},"content":{"rendered":"<p><strong>Sant\u00e9 Globale Entreprise PRO<\/strong><\/p>\n<p>Adresse : Valoriance Association<br \/>\n66 Av des Champs \u00c9lys\u00e9es 75008 PARIS<br \/>\nT\u00e9l : 01 34 90 86 78<\/p>\n<p>[gravityform id=&#8221;1&#8243; title=&#8221;true&#8221; description=&#8221;true&#8221;]<\/p>\n","protected":false},"excerpt":{"rendered":"<p>Sant\u00e9 Globale Entreprise PRO Adresse : Valoriance Association 66 Av des Champs \u00c9lys\u00e9es 75008 PARIS T\u00e9l : 01 34 90 86 78 [gravityform id=&#8221;1&#8243; title=&#8221;true&#8221; description=&#8221;true&#8221;]<\/p>\n","protected":false},"author":1,"featured_media":80,"parent":0,"menu_order":0,"comment_status":"closed","ping_status":"closed","template":"","meta":[],"yoast_head":"<!-- This site is optimized with the Yoast SEO plugin v15.7 - https:\/\/yoast.com\/wordpress\/plugins\/seo\/ -->\n<title>Contact - Sante Globale Pro<\/title>\n<meta name=\"robots\" content=\"index, follow, max-snippet:-1, max-image-preview:large, max-video-preview:-1\" \/>\n<link rel=\"canonical\" href=\"https:\/\/sante-globale-entreprise.fr\/index.php\/contact\/\" \/>\n<meta property=\"og:locale\" content=\"fr_FR\" \/>\n<meta property=\"og:type\" content=\"article\" \/>\n<meta property=\"og:title\" content=\"Contact - Sante Globale Pro\" \/>\n<meta property=\"og:description\" content=\"Sant\u00e9 Globale Entreprise PRO Adresse : Valoriance Association 66 Av des Champs \u00c9lys\u00e9es 75008 PARIS T\u00e9l : 01 34 90 86 78 [gravityform id=&#8221;1&#8243; title=&#8221;true&#8221; description=&#8221;true&#8221;]\" \/>\n<meta property=\"og:url\" content=\"https:\/\/sante-globale-entreprise.fr\/index.php\/contact\/\" \/>\n<meta property=\"og:site_name\" content=\"Sante Globale Pro\" \/>\n<meta property=\"article:modified_time\" content=\"2020-08-31T06:21:29+00:00\" \/>\n<meta property=\"og:image\" content=\"https:\/\/sante-globale-entreprise.fr\/wp-content\/uploads\/2018\/04\/jeune-homme-affaire-business-employ\u00e9-joie-sauter-images-photos-gratuites-libres-de-droits-1560x1037-e1531388401265.jpg\" \/>\n\t<meta property=\"og:image:width\" content=\"1560\" \/>\n\t<meta property=\"og:image:height\" content=\"655\" \/>\n<meta name=\"twitter:card\" content=\"summary_large_image\" \/>\n<script type=\"application\/ld+json\" class=\"yoast-schema-graph\">{\"@context\":\"https:\/\/schema.org\",\"@graph\":[{\"@type\":\"WebSite\",\"@id\":\"https:\/\/sante-globale-entreprise.fr\/#website\",\"url\":\"https:\/\/sante-globale-entreprise.fr\/\",\"name\":\"Sante Globale Pro\",\"description\":\"Entreprendre et r\\u00e9ussir par la sant\\u00e9 globale\",\"potentialAction\":[{\"@type\":\"SearchAction\",\"target\":\"https:\/\/sante-globale-entreprise.fr\/?s={search_term_string}\",\"query-input\":\"required name=search_term_string\"}],\"inLanguage\":\"fr-FR\"},{\"@type\":\"ImageObject\",\"@id\":\"https:\/\/sante-globale-entreprise.fr\/index.php\/contact\/#primaryimage\",\"inLanguage\":\"fr-FR\",\"url\":\"https:\/\/sante-globale-entreprise.fr\/wp-content\/uploads\/2018\/04\/jeune-homme-affaire-business-employ\\u00e9-joie-sauter-images-photos-gratuites-libres-de-droits-1560x1037-e1531388401265.jpg\",\"width\":1560,\"height\":655},{\"@type\":\"WebPage\",\"@id\":\"https:\/\/sante-globale-entreprise.fr\/index.php\/contact\/#webpage\",\"url\":\"https:\/\/sante-globale-entreprise.fr\/index.php\/contact\/\",\"name\":\"Contact - Sante Globale Pro\",\"isPartOf\":{\"@id\":\"https:\/\/sante-globale-entreprise.fr\/#website\"},\"primaryImageOfPage\":{\"@id\":\"https:\/\/sante-globale-entreprise.fr\/index.php\/contact\/#primaryimage\"},\"datePublished\":\"2018-04-12T05:05:03+00:00\",\"dateModified\":\"2020-08-31T06:21:29+00:00\",\"inLanguage\":\"fr-FR\",\"potentialAction\":[{\"@type\":\"ReadAction\",\"target\":[\"https:\/\/sante-globale-entreprise.fr\/index.php\/contact\/\"]}]}]}<\/script>\n<!-- \/ Yoast SEO plugin. -->","_links":{"self":[{"href":"https:\/\/sante-globale-entreprise.fr\/index.php\/wp-json\/wp\/v2\/pages\/27"}],"collection":[{"href":"https:\/\/sante-globale-entreprise.fr\/index.php\/wp-json\/wp\/v2\/pages"}],"about":[{"href":"https:\/\/sante-globale-entreprise.fr\/index.php\/wp-json\/wp\/v2\/types\/page"}],"author":[{"embeddable":true,"href":"https:\/\/sante-globale-entreprise.fr\/index.php\/wp-json\/wp\/v2\/users\/1"}],"replies":[{"embeddable":true,"href":"https:\/\/sante-globale-entreprise.fr\/index.php\/wp-json\/wp\/v2\/comments?post=27"}],"version-history":[{"count":7,"href":"https:\/\/sante-globale-entreprise.fr\/index.php\/wp-json\/wp\/v2\/pages\/27\/revisions"}],"predecessor-version":[{"id":195,"href":"https:\/\/sante-globale-entreprise.fr\/index.php\/wp-json\/wp\/v2\/pages\/27\/revisions\/195"}],"wp:featuredmedia":[{"embeddable":true,"href":"https:\/\/sante-globale-entreprise.fr\/index.php\/wp-json\/wp\/v2\/media\/80"}],"wp:attachment":[{"href":"https:\/\/sante-globale-entreprise.fr\/index.php\/wp-json\/wp\/v2\/media?parent=27"}],"curies":[{"name":"wp","href":"https:\/\/api.w.org\/{rel}","templated":true}]}}