{"id":29,"date":"2018-04-12T07:05:03","date_gmt":"2018-04-12T05:05:03","guid":{"rendered":"http:\/\/santeglobalentreprise.fr\/?page_id=29"},"modified":"2021-02-06T19:26:24","modified_gmt":"2021-02-06T18:26:24","slug":"presse","status":"publish","type":"page","link":"https:\/\/sante-globale-entreprise.fr\/index.php\/presse\/","title":{"rendered":"M\u00e9dias"},"content":{"rendered":"<div id=\"ember6854\" class=\"feed-shared-update__description feed-shared-inline-show-more-text feed-shared-inline-show-more-text--expanded ember-view\">\n<div id=\"ember6854\" class=\"feed-shared-update__description feed-shared-inline-show-more-text feed-shared-inline-show-more-text--expanded ember-view\">\n<p class=\"Sans-15px-black-70% feed-shared-main-content ember-view\" dir=\"ltr\"><span class=\"ember-view\">Jean-Christian Wilmes Interview\u00e9 sur France Bleu Cotentin&nbsp;&nbsp;<\/span><\/p>\n<p><iframe title=\"Valoriance Sante Globale Pro JC Wilmes\" width=\"525\" height=\"394\" src=\"https:\/\/www.youtube.com\/embed\/4yA-S374V0E?feature=oembed\" frameborder=\"0\" allow=\"accelerometer; autoplay; clipboard-write; encrypted-media; gyroscope; picture-in-picture\" allowfullscreen><\/iframe><\/p>\n<p id=\"ember6855\" class=\"Sans-15px-black-70% feed-shared-main-content ember-view\" dir=\"ltr\"><span id=\"ember6858\" class=\"ember-view\"><\/span><span id=\"ember6863\" class=\"ember-view\"> \u00e0 propos de la sant\u00e9 globale et du nouveau m\u00e9tier conseil de g\u00e9n\u00e9raliste de sant\u00e9 globale\u00ae en entreprise. T\u00e9moin Daniel Schmit DG de la soci\u00e9t\u00e9 SIMON qui a mis en place la sant\u00e9 globale dans son entreprise. T\u00e9moignage du Dr Fr\u00e9d\u00e9ric Bastian sur l&#8217;int\u00e9r\u00eat de la sant\u00e9 globale en entreprise.<\/span><\/p>\n<\/div>\n<p id=\"ember6855\" class=\"Sans-15px-black-70% feed-shared-main-content ember-view\" dir=\"ltr\"><span id=\"ember6858\" class=\"ember-view\"><\/span><span id=\"ember6863\" class=\"ember-view\"><br \/>\n<\/span><\/p>\n<\/div>\n<p><strong>&nbsp;<\/strong><\/p>\n","protected":false},"excerpt":{"rendered":"<p>Jean-Christian Wilmes Interview\u00e9 sur France Bleu Cotentin&nbsp;&nbsp; \u00e0 propos de la sant\u00e9 globale et du nouveau m\u00e9tier conseil de g\u00e9n\u00e9raliste de sant\u00e9 globale\u00ae en entreprise. T\u00e9moin Daniel Schmit DG de la soci\u00e9t\u00e9 SIMON qui a mis en place la sant\u00e9 globale dans son entreprise. T\u00e9moignage du Dr Fr\u00e9d\u00e9ric Bastian sur l&#8217;int\u00e9r\u00eat de la sant\u00e9 globale &hellip; <\/p>\n<p class=\"link-more\"><a href=\"https:\/\/sante-globale-entreprise.fr\/index.php\/presse\/\" class=\"more-link\">Continuer la lecture<span class=\"screen-reader-text\"> de &laquo;&nbsp;M\u00e9dias&nbsp;&raquo;<\/span><\/a><\/p>\n","protected":false},"author":1,"featured_media":0,"parent":0,"menu_order":0,"comment_status":"closed","ping_status":"closed","template":"","meta":[],"yoast_head":"<!-- This site is optimized with the Yoast SEO plugin v15.7 - https:\/\/yoast.com\/wordpress\/plugins\/seo\/ -->\n<title>M\u00e9dias - Sante Globale Pro<\/title>\n<meta name=\"robots\" content=\"index, follow, max-snippet:-1, max-image-preview:large, max-video-preview:-1\" \/>\n<link rel=\"canonical\" href=\"https:\/\/sante-globale-entreprise.fr\/index.php\/presse\/\" \/>\n<meta property=\"og:locale\" content=\"fr_FR\" \/>\n<meta property=\"og:type\" content=\"article\" \/>\n<meta property=\"og:title\" content=\"M\u00e9dias - Sante Globale Pro\" \/>\n<meta property=\"og:description\" content=\"Jean-Christian Wilmes Interview\u00e9 sur France Bleu Cotentin&nbsp;&nbsp; \u00e0 propos de la sant\u00e9 globale et du nouveau m\u00e9tier conseil de g\u00e9n\u00e9raliste de sant\u00e9 globale\u00ae en entreprise. T\u00e9moin Daniel Schmit DG de la soci\u00e9t\u00e9 SIMON qui a mis en place la sant\u00e9 globale dans son entreprise. T\u00e9moignage du Dr Fr\u00e9d\u00e9ric Bastian sur l&#8217;int\u00e9r\u00eat de la sant\u00e9 globale &hellip; Continuer la lecture de &laquo;&nbsp;M\u00e9dias&nbsp;&raquo;\" \/>\n<meta property=\"og:url\" content=\"https:\/\/sante-globale-entreprise.fr\/index.php\/presse\/\" \/>\n<meta property=\"og:site_name\" content=\"Sante Globale Pro\" \/>\n<meta property=\"article:modified_time\" content=\"2021-02-06T18:26:24+00:00\" \/>\n<meta name=\"twitter:card\" content=\"summary_large_image\" \/>\n<meta name=\"twitter:label1\" content=\"Dur\u00e9e de lecture est.\">\n\t<meta name=\"twitter:data1\" content=\"1 minute\">\n<script type=\"application\/ld+json\" class=\"yoast-schema-graph\">{\"@context\":\"https:\/\/schema.org\",\"@graph\":[{\"@type\":\"WebSite\",\"@id\":\"https:\/\/sante-globale-entreprise.fr\/#website\",\"url\":\"https:\/\/sante-globale-entreprise.fr\/\",\"name\":\"Sante Globale Pro\",\"description\":\"Entreprendre et r\\u00e9ussir par la sant\\u00e9 globale\",\"potentialAction\":[{\"@type\":\"SearchAction\",\"target\":\"https:\/\/sante-globale-entreprise.fr\/?s={search_term_string}\",\"query-input\":\"required name=search_term_string\"}],\"inLanguage\":\"fr-FR\"},{\"@type\":\"WebPage\",\"@id\":\"https:\/\/sante-globale-entreprise.fr\/index.php\/presse\/#webpage\",\"url\":\"https:\/\/sante-globale-entreprise.fr\/index.php\/presse\/\",\"name\":\"M\\u00e9dias - Sante Globale Pro\",\"isPartOf\":{\"@id\":\"https:\/\/sante-globale-entreprise.fr\/#website\"},\"datePublished\":\"2018-04-12T05:05:03+00:00\",\"dateModified\":\"2021-02-06T18:26:24+00:00\",\"inLanguage\":\"fr-FR\",\"potentialAction\":[{\"@type\":\"ReadAction\",\"target\":[\"https:\/\/sante-globale-entreprise.fr\/index.php\/presse\/\"]}]}]}<\/script>\n<!-- \/ Yoast SEO plugin. -->","_links":{"self":[{"href":"https:\/\/sante-globale-entreprise.fr\/index.php\/wp-json\/wp\/v2\/pages\/29"}],"collection":[{"href":"https:\/\/sante-globale-entreprise.fr\/index.php\/wp-json\/wp\/v2\/pages"}],"about":[{"href":"https:\/\/sante-globale-entreprise.fr\/index.php\/wp-json\/wp\/v2\/types\/page"}],"author":[{"embeddable":true,"href":"https:\/\/sante-globale-entreprise.fr\/index.php\/wp-json\/wp\/v2\/users\/1"}],"replies":[{"embeddable":true,"href":"https:\/\/sante-globale-entreprise.fr\/index.php\/wp-json\/wp\/v2\/comments?post=29"}],"version-history":[{"count":15,"href":"https:\/\/sante-globale-entreprise.fr\/index.php\/wp-json\/wp\/v2\/pages\/29\/revisions"}],"predecessor-version":[{"id":229,"href":"https:\/\/sante-globale-entreprise.fr\/index.php\/wp-json\/wp\/v2\/pages\/29\/revisions\/229"}],"wp:attachment":[{"href":"https:\/\/sante-globale-entreprise.fr\/index.php\/wp-json\/wp\/v2\/media?parent=29"}],"curies":[{"name":"wp","href":"https:\/\/api.w.org\/{rel}","templated":true}]}}